{"id":24,"date":"2016-02-12T08:13:06","date_gmt":"2016-02-12T08:13:06","guid":{"rendered":"http:\/\/demos.famethemes.com\/onepress\/?page_id=24"},"modified":"2020-09-04T08:59:52","modified_gmt":"2020-09-04T11:59:52","slug":"reciclado-de-metales","status":"publish","type":"page","link":"https:\/\/depositoslem.com.ar\/index.php\/reciclado-de-metales\/","title":{"rendered":"Reciclado de metales"},"content":{"rendered":"\n<p class=\"has-medium-font-size\">Ofrecemos un variado servicio en el procesamiento y gesti\u00f3n de residuos y rezagos industriales.<br><br>Contamos con un cami\u00f3n con hidrogrua homologada para cargas de material a granel, y otro cami\u00f3n con carrocer\u00eda playa para cargar con mayor facilidad la mercader\u00eda embalada.<\/p>\n\n\n\n<p class=\"has-text-align-center has-large-font-size\">Galer\u00eda de im\u00e1genes<\/p>\n\n\n\n<figure class=\"wp-block-gallery columns-2 is-cropped wp-block-gallery-1 is-layout-flex wp-block-gallery-is-layout-flex\"><ul class=\"blocks-gallery-grid\"><li class=\"blocks-gallery-item\"><figure><a href=\"https:\/\/depositoslem.com.ar\/wp-content\/uploads\/2020\/09\/IMG-20200804-WA0009.jpg\"><img loading=\"lazy\" decoding=\"async\" width=\"225\" height=\"300\" src=\"https:\/\/depositoslem.com.ar\/wp-content\/uploads\/2020\/09\/IMG-20200804-WA0009-225x300.jpg\" alt=\"\" data-id=\"1698\" data-full-url=\"https:\/\/depositoslem.com.ar\/wp-content\/uploads\/2020\/09\/IMG-20200804-WA0009.jpg\" data-link=\"https:\/\/depositoslem.com.ar\/img-20200804-wa0009\/\" class=\"wp-image-1698\" srcset=\"https:\/\/depositoslem.com.ar\/wp-content\/uploads\/2020\/09\/IMG-20200804-WA0009-225x300.jpg 225w, https:\/\/depositoslem.com.ar\/wp-content\/uploads\/2020\/09\/IMG-20200804-WA0009-768x1024.jpg 768w, https:\/\/depositoslem.com.ar\/wp-content\/uploads\/2020\/09\/IMG-20200804-WA0009.jpg 960w\" sizes=\"auto, (max-width: 225px) 100vw, 225px\" \/><\/a><\/figure><\/li><li class=\"blocks-gallery-item\"><figure><a href=\"https:\/\/depositoslem.com.ar\/wp-content\/uploads\/2020\/09\/IMG-20200804-WA0010.jpg\"><img loading=\"lazy\" decoding=\"async\" width=\"300\" height=\"225\" src=\"https:\/\/depositoslem.com.ar\/wp-content\/uploads\/2020\/09\/IMG-20200804-WA0010-300x225.jpg\" alt=\"\" data-id=\"1699\" data-full-url=\"https:\/\/depositoslem.com.ar\/wp-content\/uploads\/2020\/09\/IMG-20200804-WA0010.jpg\" data-link=\"https:\/\/depositoslem.com.ar\/img-20200804-wa0010\/\" class=\"wp-image-1699\" srcset=\"https:\/\/depositoslem.com.ar\/wp-content\/uploads\/2020\/09\/IMG-20200804-WA0010-300x225.jpg 300w, https:\/\/depositoslem.com.ar\/wp-content\/uploads\/2020\/09\/IMG-20200804-WA0010-1024x768.jpg 1024w, https:\/\/depositoslem.com.ar\/wp-content\/uploads\/2020\/09\/IMG-20200804-WA0010-768x576.jpg 768w, https:\/\/depositoslem.com.ar\/wp-content\/uploads\/2020\/09\/IMG-20200804-WA0010.jpg 1280w\" sizes=\"auto, (max-width: 300px) 100vw, 300px\" \/><\/a><\/figure><\/li><li class=\"blocks-gallery-item\"><figure><a href=\"https:\/\/depositoslem.com.ar\/wp-content\/uploads\/2020\/09\/IMG-20200804-WA0014.jpg\"><img loading=\"lazy\" decoding=\"async\" width=\"225\" height=\"300\" src=\"https:\/\/depositoslem.com.ar\/wp-content\/uploads\/2020\/09\/IMG-20200804-WA0014-225x300.jpg\" alt=\"\" data-id=\"1703\" data-full-url=\"https:\/\/depositoslem.com.ar\/wp-content\/uploads\/2020\/09\/IMG-20200804-WA0014.jpg\" data-link=\"https:\/\/depositoslem.com.ar\/img-20200804-wa0014\/\" class=\"wp-image-1703\" srcset=\"https:\/\/depositoslem.com.ar\/wp-content\/uploads\/2020\/09\/IMG-20200804-WA0014-225x300.jpg 225w, https:\/\/depositoslem.com.ar\/wp-content\/uploads\/2020\/09\/IMG-20200804-WA0014-768x1024.jpg 768w, https:\/\/depositoslem.com.ar\/wp-content\/uploads\/2020\/09\/IMG-20200804-WA0014.jpg 960w\" sizes=\"auto, (max-width: 225px) 100vw, 225px\" \/><\/a><\/figure><\/li><li class=\"blocks-gallery-item\"><figure><a href=\"https:\/\/depositoslem.com.ar\/wp-content\/uploads\/2020\/09\/IMG-20200804-WA0013.jpg\"><img loading=\"lazy\" decoding=\"async\" width=\"225\" height=\"300\" src=\"https:\/\/depositoslem.com.ar\/wp-content\/uploads\/2020\/09\/IMG-20200804-WA0013-225x300.jpg\" alt=\"\" data-id=\"1702\" data-full-url=\"https:\/\/depositoslem.com.ar\/wp-content\/uploads\/2020\/09\/IMG-20200804-WA0013.jpg\" data-link=\"https:\/\/depositoslem.com.ar\/img-20200804-wa0013\/\" class=\"wp-image-1702\" srcset=\"https:\/\/depositoslem.com.ar\/wp-content\/uploads\/2020\/09\/IMG-20200804-WA0013-225x300.jpg 225w, https:\/\/depositoslem.com.ar\/wp-content\/uploads\/2020\/09\/IMG-20200804-WA0013-768x1024.jpg 768w, https:\/\/depositoslem.com.ar\/wp-content\/uploads\/2020\/09\/IMG-20200804-WA0013.jpg 960w\" sizes=\"auto, (max-width: 225px) 100vw, 225px\" \/><\/a><\/figure><\/li><\/ul><\/figure>\n","protected":false},"excerpt":{"rendered":"<p>Reciclado de metales en nuestra moderna planta.<\/p>\n","protected":false},"author":2,"featured_media":0,"parent":0,"menu_order":0,"comment_status":"closed","ping_status":"closed","template":"template-fullwidth.php","meta":{"footnotes":""},"class_list":["post-24","page","type-page","status-publish","hentry"],"_links":{"self":[{"href":"https:\/\/depositoslem.com.ar\/index.php\/wp-json\/wp\/v2\/pages\/24","targetHints":{"allow":["GET"]}}],"collection":[{"href":"https:\/\/depositoslem.com.ar\/index.php\/wp-json\/wp\/v2\/pages"}],"about":[{"href":"https:\/\/depositoslem.com.ar\/index.php\/wp-json\/wp\/v2\/types\/page"}],"author":[{"embeddable":true,"href":"https:\/\/depositoslem.com.ar\/index.php\/wp-json\/wp\/v2\/users\/2"}],"replies":[{"embeddable":true,"href":"https:\/\/depositoslem.com.ar\/index.php\/wp-json\/wp\/v2\/comments?post=24"}],"version-history":[{"count":14,"href":"https:\/\/depositoslem.com.ar\/index.php\/wp-json\/wp\/v2\/pages\/24\/revisions"}],"predecessor-version":[{"id":1733,"href":"https:\/\/depositoslem.com.ar\/index.php\/wp-json\/wp\/v2\/pages\/24\/revisions\/1733"}],"wp:attachment":[{"href":"https:\/\/depositoslem.com.ar\/index.php\/wp-json\/wp\/v2\/media?parent=24"}],"curies":[{"name":"wp","href":"https:\/\/api.w.org\/{rel}","templated":true}]}}