{"id":23,"date":"2016-02-12T08:12:49","date_gmt":"2016-02-12T08:12:49","guid":{"rendered":"http:\/\/demos.famethemes.com\/onepress\/?page_id=23"},"modified":"2020-09-04T08:57:31","modified_gmt":"2020-09-04T11:57:31","slug":"reciclado-de-cables","status":"publish","type":"page","link":"https:\/\/depositoslem.com.ar\/index.php\/reciclado-de-cables\/","title":{"rendered":"Reciclado de cables"},"content":{"rendered":"\n<p class=\"has-medium-font-size\">Nuestro m\u00e9todo de reciclado para cables consiste como primera medida en separar los metales ferrosos de los no ferrosos.<br><br>Seg\u00fan su tama\u00f1o se cortan con tijeras hidr\u00e1ulicas o un balanc\u00edn de corte<br>Luego se procede a la trituraci\u00f3n en el primer molino destructor de 75 C.V.<br><br>Una vez dimensionado el cable, se pasa por un segundo molino donde se termina de separar el metal, de la parte no met\u00e1lica para terminar su acopiado y proceso de embalaje para su venta.<br><\/p>\n\n\n\n<figure class=\"wp-block-video aligncenter\"><video height=\"352\" style=\"aspect-ratio: 640 \/ 352;\" width=\"640\" controls muted src=\"https:\/\/depositoslem.com.ar\/wp-content\/uploads\/2020\/09\/UNO_VID-20200804-WA0002.mp4\"><\/video><\/figure>\n\n\n\n<p><\/p>\n\n\n\n<p><\/p>\n\n\n\n<p class=\"has-text-align-center has-large-font-size\">Galer\u00eda de im\u00e1genes<\/p>\n\n\n\n<figure class=\"wp-block-gallery columns-4 is-cropped wp-block-gallery-1 is-layout-flex wp-block-gallery-is-layout-flex\"><ul class=\"blocks-gallery-grid\"><li class=\"blocks-gallery-item\"><figure><a href=\"https:\/\/depositoslem.com.ar\/wp-content\/uploads\/2020\/09\/IMG-20200804-WA0005.jpg\"><img loading=\"lazy\" decoding=\"async\" width=\"225\" height=\"300\" src=\"https:\/\/depositoslem.com.ar\/wp-content\/uploads\/2020\/09\/IMG-20200804-WA0005-225x300.jpg\" alt=\"\" data-id=\"1695\" data-full-url=\"https:\/\/depositoslem.com.ar\/wp-content\/uploads\/2020\/09\/IMG-20200804-WA0005.jpg\" data-link=\"https:\/\/depositoslem.com.ar\/img-20200804-wa0005\/\" class=\"wp-image-1695\" srcset=\"https:\/\/depositoslem.com.ar\/wp-content\/uploads\/2020\/09\/IMG-20200804-WA0005-225x300.jpg 225w, https:\/\/depositoslem.com.ar\/wp-content\/uploads\/2020\/09\/IMG-20200804-WA0005-768x1024.jpg 768w, https:\/\/depositoslem.com.ar\/wp-content\/uploads\/2020\/09\/IMG-20200804-WA0005.jpg 960w\" sizes=\"auto, (max-width: 225px) 100vw, 225px\" \/><\/a><\/figure><\/li><li class=\"blocks-gallery-item\"><figure><a href=\"https:\/\/depositoslem.com.ar\/wp-content\/uploads\/2020\/09\/IMG-20200804-WA0004.jpg\"><img loading=\"lazy\" decoding=\"async\" width=\"225\" height=\"300\" src=\"https:\/\/depositoslem.com.ar\/wp-content\/uploads\/2020\/09\/IMG-20200804-WA0004-225x300.jpg\" alt=\"\" data-id=\"1694\" data-full-url=\"https:\/\/depositoslem.com.ar\/wp-content\/uploads\/2020\/09\/IMG-20200804-WA0004.jpg\" data-link=\"https:\/\/depositoslem.com.ar\/img-20200804-wa0004\/\" class=\"wp-image-1694\" srcset=\"https:\/\/depositoslem.com.ar\/wp-content\/uploads\/2020\/09\/IMG-20200804-WA0004-225x300.jpg 225w, https:\/\/depositoslem.com.ar\/wp-content\/uploads\/2020\/09\/IMG-20200804-WA0004-768x1024.jpg 768w, https:\/\/depositoslem.com.ar\/wp-content\/uploads\/2020\/09\/IMG-20200804-WA0004.jpg 960w\" sizes=\"auto, (max-width: 225px) 100vw, 225px\" \/><\/a><\/figure><\/li><li class=\"blocks-gallery-item\"><figure><a href=\"https:\/\/depositoslem.com.ar\/wp-content\/uploads\/2020\/09\/IMG-20200804-WA0008.jpg\"><img loading=\"lazy\" decoding=\"async\" width=\"225\" height=\"300\" src=\"https:\/\/depositoslem.com.ar\/wp-content\/uploads\/2020\/09\/IMG-20200804-WA0008-225x300.jpg\" alt=\"\" data-id=\"1697\" data-full-url=\"https:\/\/depositoslem.com.ar\/wp-content\/uploads\/2020\/09\/IMG-20200804-WA0008.jpg\" data-link=\"https:\/\/depositoslem.com.ar\/img-20200804-wa0008\/\" class=\"wp-image-1697\" srcset=\"https:\/\/depositoslem.com.ar\/wp-content\/uploads\/2020\/09\/IMG-20200804-WA0008-225x300.jpg 225w, https:\/\/depositoslem.com.ar\/wp-content\/uploads\/2020\/09\/IMG-20200804-WA0008-768x1024.jpg 768w, https:\/\/depositoslem.com.ar\/wp-content\/uploads\/2020\/09\/IMG-20200804-WA0008.jpg 960w\" sizes=\"auto, (max-width: 225px) 100vw, 225px\" \/><\/a><\/figure><\/li><li class=\"blocks-gallery-item\"><figure><a href=\"https:\/\/depositoslem.com.ar\/wp-content\/uploads\/2020\/09\/IMG-20200804-WA0011.jpg\"><img loading=\"lazy\" decoding=\"async\" width=\"300\" height=\"225\" src=\"https:\/\/depositoslem.com.ar\/wp-content\/uploads\/2020\/09\/IMG-20200804-WA0011-300x225.jpg\" alt=\"\" data-id=\"1700\" data-full-url=\"https:\/\/depositoslem.com.ar\/wp-content\/uploads\/2020\/09\/IMG-20200804-WA0011.jpg\" data-link=\"https:\/\/depositoslem.com.ar\/img-20200804-wa0011\/\" class=\"wp-image-1700\" srcset=\"https:\/\/depositoslem.com.ar\/wp-content\/uploads\/2020\/09\/IMG-20200804-WA0011-300x225.jpg 300w, https:\/\/depositoslem.com.ar\/wp-content\/uploads\/2020\/09\/IMG-20200804-WA0011-1024x768.jpg 1024w, https:\/\/depositoslem.com.ar\/wp-content\/uploads\/2020\/09\/IMG-20200804-WA0011-768x576.jpg 768w, https:\/\/depositoslem.com.ar\/wp-content\/uploads\/2020\/09\/IMG-20200804-WA0011.jpg 1280w\" sizes=\"auto, (max-width: 300px) 100vw, 300px\" \/><\/a><\/figure><\/li><li class=\"blocks-gallery-item\"><figure><a href=\"https:\/\/depositoslem.com.ar\/wp-content\/uploads\/2020\/09\/IMG-20200804-WA0012.jpg\"><img loading=\"lazy\" decoding=\"async\" width=\"300\" height=\"225\" src=\"https:\/\/depositoslem.com.ar\/wp-content\/uploads\/2020\/09\/IMG-20200804-WA0012-300x225.jpg\" alt=\"\" data-id=\"1701\" data-full-url=\"https:\/\/depositoslem.com.ar\/wp-content\/uploads\/2020\/09\/IMG-20200804-WA0012.jpg\" data-link=\"https:\/\/depositoslem.com.ar\/img-20200804-wa0012\/\" class=\"wp-image-1701\" srcset=\"https:\/\/depositoslem.com.ar\/wp-content\/uploads\/2020\/09\/IMG-20200804-WA0012-300x225.jpg 300w, https:\/\/depositoslem.com.ar\/wp-content\/uploads\/2020\/09\/IMG-20200804-WA0012-1024x768.jpg 1024w, https:\/\/depositoslem.com.ar\/wp-content\/uploads\/2020\/09\/IMG-20200804-WA0012-768x576.jpg 768w, https:\/\/depositoslem.com.ar\/wp-content\/uploads\/2020\/09\/IMG-20200804-WA0012.jpg 1280w\" sizes=\"auto, (max-width: 300px) 100vw, 300px\" \/><\/a><\/figure><\/li><\/ul><\/figure>\n\n\n\n<p><\/p>\n","protected":false},"excerpt":{"rendered":"<p>Reciclado de cables en nuestra moderna planta<\/p>\n","protected":false},"author":2,"featured_media":0,"parent":0,"menu_order":0,"comment_status":"closed","ping_status":"closed","template":"template-fullwidth.php","meta":{"footnotes":""},"class_list":["post-23","page","type-page","status-publish","hentry"],"_links":{"self":[{"href":"https:\/\/depositoslem.com.ar\/index.php\/wp-json\/wp\/v2\/pages\/23","targetHints":{"allow":["GET"]}}],"collection":[{"href":"https:\/\/depositoslem.com.ar\/index.php\/wp-json\/wp\/v2\/pages"}],"about":[{"href":"https:\/\/depositoslem.com.ar\/index.php\/wp-json\/wp\/v2\/types\/page"}],"author":[{"embeddable":true,"href":"https:\/\/depositoslem.com.ar\/index.php\/wp-json\/wp\/v2\/users\/2"}],"replies":[{"embeddable":true,"href":"https:\/\/depositoslem.com.ar\/index.php\/wp-json\/wp\/v2\/comments?post=23"}],"version-history":[{"count":25,"href":"https:\/\/depositoslem.com.ar\/index.php\/wp-json\/wp\/v2\/pages\/23\/revisions"}],"predecessor-version":[{"id":1731,"href":"https:\/\/depositoslem.com.ar\/index.php\/wp-json\/wp\/v2\/pages\/23\/revisions\/1731"}],"wp:attachment":[{"href":"https:\/\/depositoslem.com.ar\/index.php\/wp-json\/wp\/v2\/media?parent=23"}],"curies":[{"name":"wp","href":"https:\/\/api.w.org\/{rel}","templated":true}]}}